{"id":20578,"date":"2024-02-01T12:52:50","date_gmt":"2024-02-01T12:52:50","guid":{"rendered":"https:\/\/ftcmedya.com\/?page_id=20578"},"modified":"2024-11-28T04:52:56","modified_gmt":"2024-11-28T04:52:56","slug":"projeler","status":"publish","type":"page","link":"https:\/\/ftcmedya.com\/en\/projeler\/","title":{"rendered":"Projects"},"content":{"rendered":"<div data-elementor-type=\"wp-page\" data-elementor-id=\"20578\" class=\"elementor elementor-20578\">\n\t\t\t\t\t\t<section class=\"elementor-section elementor-top-section elementor-element elementor-element-38e13b0 elementor-section-full_width elementor-section-height-default elementor-section-height-default sc_fly_static\" data-id=\"38e13b0\" data-element_type=\"section\" data-settings=\"{&quot;background_background&quot;:&quot;classic&quot;}\">\n\t\t\t\t\t\t<div class=\"elementor-container elementor-column-gap-no\">\n\t\t\t\t\t<div class=\"elementor-column elementor-col-100 elementor-top-column elementor-element elementor-element-c0501e2 sc_content_align_inherit sc_layouts_column_icons_position_left sc_fly_static\" data-id=\"c0501e2\" data-element_type=\"column\">\n\t\t\t<div class=\"elementor-widget-wrap elementor-element-populated\">\n\t\t\t\t\t\t<div class=\"elementor-element elementor-element-2e230ba sc_height_huge sc_fly_static elementor-widget elementor-widget-spacer\" data-id=\"2e230ba\" data-element_type=\"widget\" data-widget_type=\"spacer.default\">\n\t\t\t\t<div class=\"elementor-widget-container\">\n\t\t\t\t\t\t\t<div class=\"elementor-spacer\">\n\t\t\t<div class=\"elementor-spacer-inner\"><\/div>\n\t\t<\/div>\n\t\t\t\t\t\t<\/div>\n\t\t\t\t<\/div>\n\t\t\t\t<div class=\"elementor-element elementor-element-242a139 sc_layouts_hide_on_notebook sc_layouts_hide_on_tablet sc_layouts_hide_on_mobile sc_fly_static elementor-widget elementor-widget-spacer\" data-id=\"242a139\" data-element_type=\"widget\" data-widget_type=\"spacer.default\">\n\t\t\t\t<div class=\"elementor-widget-container\">\n\t\t\t\t\t\t\t<div class=\"elementor-spacer\">\n\t\t\t<div class=\"elementor-spacer-inner\"><\/div>\n\t\t<\/div>\n\t\t\t\t\t\t<\/div>\n\t\t\t\t<\/div>\n\t\t\t\t<div class=\"elementor-element elementor-element-3925549 sc_fly_static elementor-widget elementor-widget-trx_sc_portfolio\" data-id=\"3925549\" data-element_type=\"widget\" data-widget_type=\"trx_sc_portfolio.default\">\n\t\t\t\t<div class=\"elementor-widget-container\">\n\t\t\t\t\t<div \t\tclass=\"sc_portfolio sc_portfolio_band\"><div class=\"sc_portfolio_content sc_item_content sc_item_posts_container              grid_wrap_10\"><div data-post-id=\"29135\" class=\"sc_portfolio_item sc_item_container post_container\"\r\n\t\tdata-size=\"1080x1080\"\r\n\tdata-src=\"https:\/\/ftcmedya.com\/wp-content\/uploads\/2024\/11\/3lu-devam9_01.jpg\"\r\n\t>\r\n\t<div class=\"post_featured with_thumb hover_link sc_portfolio_item_thumb trx_addons_image_effects_on_waves2\" data-image-effect-strength=\"30\"><img fetchpriority=\"high\" decoding=\"async\" width=\"890\" height=\"664\" src=\"https:\/\/ftcmedya.com\/wp-content\/uploads\/2024\/11\/3lu-devam9_01-890x664.jpg\" class=\"attachment-modernee-thumb-square size-modernee-thumb-square wp-post-image\" alt=\"\" \/>\t\t\t\t\t\t<div class=\"mask\"><\/div>\n\t\t\t\t\t\t\t\t\t<a href=\"https:\/\/ftcmedya.com\/en\/portfolio\/siron-web-tasarim\/\"  aria-hidden=\"true\" class=\"link\"><\/a>\r\n\t\t\t<\/div>    <div class=\"post_content_wrap\">\r\n        <div class=\"post_meta\"><span class=\"post_meta_item post_categories cat_sep\"><a href=\"https:\/\/ftcmedya.com\/en\/portfolio_group\/genel\/\" title=\"View all posts in Genel\">General<\/a><span class=\"post_meta_item_cat_separator\">, <\/span><a href=\"https:\/\/ftcmedya.com\/en\/portfolio_group\/web-tasarim\/\" title=\"View all posts in Web Tasar\u0131m\">Web Design<\/a><\/span><\/div>            <h2 class=\"post_title\">\r\n                    <a href=\"https:\/\/ftcmedya.com\/en\/portfolio\/siron-web-tasarim\/\">Siron Web Design<\/a>\r\n                    <\/h2>\r\n        \r\n                    <div class=\"post_description_content\">  <\/div>\r\n                <a href=\"https:\/\/ftcmedya.com\/en\/portfolio\/siron-web-tasarim\/\" class=\"theme_button\"><span class=\"post_readmore_label\">Review <\/span><span class=\"hover-arrow\"><\/span><\/a>\r\n        \r\n\r\n    <\/div>\r\n<\/div><div data-post-id=\"29131\" class=\"sc_portfolio_item sc_item_container post_container\"\r\n\t\tdata-size=\"1080x1080\"\r\n\tdata-src=\"https:\/\/ftcmedya.com\/wp-content\/uploads\/2024\/11\/3lu-devam7_01.jpg\"\r\n\t>\r\n\t<div class=\"post_featured with_thumb hover_link sc_portfolio_item_thumb trx_addons_image_effects_on_waves2\" data-image-effect-strength=\"30\"><img decoding=\"async\" width=\"890\" height=\"664\" src=\"https:\/\/ftcmedya.com\/wp-content\/uploads\/2024\/11\/3lu-devam7_01-890x664.jpg\" class=\"attachment-modernee-thumb-square size-modernee-thumb-square wp-post-image\" alt=\"\" \/>\t\t\t\t\t\t<div class=\"mask\"><\/div>\n\t\t\t\t\t\t\t\t\t<a href=\"https:\/\/ftcmedya.com\/en\/portfolio\/yetis-healths-katalog\/\"  aria-hidden=\"true\" class=\"link\"><\/a>\r\n\t\t\t<\/div>    <div class=\"post_content_wrap\">\r\n        <div class=\"post_meta\"><span class=\"post_meta_item post_categories cat_sep\"><a href=\"https:\/\/ftcmedya.com\/en\/portfolio_group\/genel\/\" title=\"View all posts in Genel\">General<\/a><span class=\"post_meta_item_cat_separator\">, <\/span><a href=\"https:\/\/ftcmedya.com\/en\/portfolio_group\/katalog\/\" title=\"View all posts in Katalog\">Catalog<\/a><\/span><\/div>            <h2 class=\"post_title\">\r\n                    <a href=\"https:\/\/ftcmedya.com\/en\/portfolio\/yetis-healths-katalog\/\">Yeti\u015f Healths Catalog<\/a>\r\n                    <\/h2>\r\n        \r\n                    <div class=\"post_description_content\">  <\/div>\r\n                <a href=\"https:\/\/ftcmedya.com\/en\/portfolio\/yetis-healths-katalog\/\" class=\"theme_button\"><span class=\"post_readmore_label\">Review <\/span><span class=\"hover-arrow\"><\/span><\/a>\r\n        \r\n\r\n    <\/div>\r\n<\/div><div data-post-id=\"29127\" class=\"sc_portfolio_item sc_item_container post_container\"\r\n\t\tdata-size=\"1080x1080\"\r\n\tdata-src=\"https:\/\/ftcmedya.com\/wp-content\/uploads\/2024\/11\/3lu-devam1_01.jpg\"\r\n\t>\r\n\t<div class=\"post_featured with_thumb hover_link sc_portfolio_item_thumb trx_addons_image_effects_on_waves2\" data-image-effect-strength=\"30\"><img decoding=\"async\" width=\"890\" height=\"664\" src=\"https:\/\/ftcmedya.com\/wp-content\/uploads\/2024\/11\/3lu-devam1_01-890x664.jpg\" class=\"attachment-modernee-thumb-square size-modernee-thumb-square wp-post-image\" alt=\"\" \/>\t\t\t\t\t\t<div class=\"mask\"><\/div>\n\t\t\t\t\t\t\t\t\t<a href=\"https:\/\/ftcmedya.com\/en\/portfolio\/yapi-market-katalog\/\"  aria-hidden=\"true\" class=\"link\"><\/a>\r\n\t\t\t<\/div>    <div class=\"post_content_wrap\">\r\n        <div class=\"post_meta\"><span class=\"post_meta_item post_categories cat_sep\"><a href=\"https:\/\/ftcmedya.com\/en\/portfolio_group\/genel\/\" title=\"View all posts in Genel\">General<\/a><span class=\"post_meta_item_cat_separator\">, <\/span><a href=\"https:\/\/ftcmedya.com\/en\/portfolio_group\/katalog\/\" title=\"View all posts in Katalog\">Catalog<\/a><\/span><\/div>            <h2 class=\"post_title\">\r\n                    <a href=\"https:\/\/ftcmedya.com\/en\/portfolio\/yapi-market-katalog\/\">Yap\u0131 Market Catalog<\/a>\r\n                    <\/h2>\r\n        \r\n                    <div class=\"post_description_content\">  <\/div>\r\n                <a href=\"https:\/\/ftcmedya.com\/en\/portfolio\/yapi-market-katalog\/\" class=\"theme_button\"><span class=\"post_readmore_label\">Review <\/span><span class=\"hover-arrow\"><\/span><\/a>\r\n        \r\n\r\n    <\/div>\r\n<\/div><div data-post-id=\"29119\" class=\"sc_portfolio_item sc_item_container post_container\"\r\n\t\tdata-size=\"1080x1080\"\r\n\tdata-src=\"https:\/\/ftcmedya.com\/wp-content\/uploads\/2024\/11\/3lu-devam11_01.jpg\"\r\n\t>\r\n\t<div class=\"post_featured with_thumb hover_link sc_portfolio_item_thumb trx_addons_image_effects_on_waves2\" data-image-effect-strength=\"30\"><img loading=\"lazy\" decoding=\"async\" width=\"890\" height=\"664\" src=\"https:\/\/ftcmedya.com\/wp-content\/uploads\/2024\/11\/3lu-devam11_01-890x664.jpg\" class=\"attachment-modernee-thumb-square size-modernee-thumb-square wp-post-image\" alt=\"\" \/>\t\t\t\t\t\t<div class=\"mask\"><\/div>\n\t\t\t\t\t\t\t\t\t<a href=\"https:\/\/ftcmedya.com\/en\/portfolio\/peynir-duragim-e-ticaret\/\"  aria-hidden=\"true\" class=\"link\"><\/a>\r\n\t\t\t<\/div>    <div class=\"post_content_wrap\">\r\n        <div class=\"post_meta\"><span class=\"post_meta_item post_categories cat_sep\"><a href=\"https:\/\/ftcmedya.com\/en\/portfolio_group\/e-ticaret\/\" title=\"View all posts in E-Ticaret\">E-Commerce<\/a><span class=\"post_meta_item_cat_separator\">, <\/span><a href=\"https:\/\/ftcmedya.com\/en\/portfolio_group\/genel\/\" title=\"View all posts in Genel\">General<\/a><\/span><\/div>            <h2 class=\"post_title\">\r\n                    <a href=\"https:\/\/ftcmedya.com\/en\/portfolio\/peynir-duragim-e-ticaret\/\">Peynir Dura\u011f\u0131m E-Commerce<\/a>\r\n                    <\/h2>\r\n        \r\n                    <div class=\"post_description_content\">  <\/div>\r\n                <a href=\"https:\/\/ftcmedya.com\/en\/portfolio\/peynir-duragim-e-ticaret\/\" class=\"theme_button\"><span class=\"post_readmore_label\">Review <\/span><span class=\"hover-arrow\"><\/span><\/a>\r\n        \r\n\r\n    <\/div>\r\n<\/div><div data-post-id=\"29115\" class=\"sc_portfolio_item sc_item_container post_container\"\r\n\t\tdata-size=\"1080x1080\"\r\n\tdata-src=\"https:\/\/ftcmedya.com\/wp-content\/uploads\/2024\/11\/3lu-devam41_01.jpg\"\r\n\t>\r\n\t<div class=\"post_featured with_thumb hover_link sc_portfolio_item_thumb trx_addons_image_effects_on_waves2\" data-image-effect-strength=\"30\"><img loading=\"lazy\" decoding=\"async\" width=\"890\" height=\"664\" src=\"https:\/\/ftcmedya.com\/wp-content\/uploads\/2024\/11\/3lu-devam41_01-890x664.jpg\" class=\"attachment-modernee-thumb-square size-modernee-thumb-square wp-post-image\" alt=\"\" \/>\t\t\t\t\t\t<div class=\"mask\"><\/div>\n\t\t\t\t\t\t\t\t\t<a href=\"https:\/\/ftcmedya.com\/en\/portfolio\/nipa-elektrik-e-ticaret\/\"  aria-hidden=\"true\" class=\"link\"><\/a>\r\n\t\t\t<\/div>    <div class=\"post_content_wrap\">\r\n        <div class=\"post_meta\"><span class=\"post_meta_item post_categories cat_sep\"><a href=\"https:\/\/ftcmedya.com\/en\/portfolio_group\/e-ticaret\/\" title=\"View all posts in E-Ticaret\">E-Commerce<\/a><span class=\"post_meta_item_cat_separator\">, <\/span><a href=\"https:\/\/ftcmedya.com\/en\/portfolio_group\/genel\/\" title=\"View all posts in Genel\">General<\/a><\/span><\/div>            <h2 class=\"post_title\">\r\n                    <a href=\"https:\/\/ftcmedya.com\/en\/portfolio\/nipa-elektrik-e-ticaret\/\">Nipa Electric E-Commerce<\/a>\r\n                    <\/h2>\r\n        \r\n                    <div class=\"post_description_content\">  <\/div>\r\n                <a href=\"https:\/\/ftcmedya.com\/en\/portfolio\/nipa-elektrik-e-ticaret\/\" class=\"theme_button\"><span class=\"post_readmore_label\">Review <\/span><span class=\"hover-arrow\"><\/span><\/a>\r\n        \r\n\r\n    <\/div>\r\n<\/div><div data-post-id=\"29110\" class=\"sc_portfolio_item sc_item_container post_container\"\r\n\t\tdata-size=\"1080x1080\"\r\n\tdata-src=\"https:\/\/ftcmedya.com\/wp-content\/uploads\/2024\/11\/3lu-devam15_02.jpg\"\r\n\t>\r\n\t<div class=\"post_featured with_thumb hover_link sc_portfolio_item_thumb trx_addons_image_effects_on_waves2\" data-image-effect-strength=\"30\"><img loading=\"lazy\" decoding=\"async\" width=\"890\" height=\"664\" src=\"https:\/\/ftcmedya.com\/wp-content\/uploads\/2024\/11\/3lu-devam15_02-890x664.jpg\" class=\"attachment-modernee-thumb-square size-modernee-thumb-square wp-post-image\" alt=\"\" \/>\t\t\t\t\t\t<div class=\"mask\"><\/div>\n\t\t\t\t\t\t\t\t\t<a href=\"https:\/\/ftcmedya.com\/en\/portfolio\/skytronx-systems-kurumsal-kimlik\/\"  aria-hidden=\"true\" class=\"link\"><\/a>\r\n\t\t\t<\/div>    <div class=\"post_content_wrap\">\r\n        <div class=\"post_meta\"><span class=\"post_meta_item post_categories cat_sep\"><a href=\"https:\/\/ftcmedya.com\/en\/portfolio_group\/genel\/\" title=\"View all posts in Genel\">General<\/a><span class=\"post_meta_item_cat_separator\">, <\/span><a href=\"https:\/\/ftcmedya.com\/en\/portfolio_group\/kurumsal-kimlik\/\" title=\"View all posts in Kurumsal Kimlik\">Corporate Identity<\/a><\/span><\/div>            <h2 class=\"post_title\">\r\n                    <a href=\"https:\/\/ftcmedya.com\/en\/portfolio\/skytronx-systems-kurumsal-kimlik\/\">Skytronx Systems Corporate Identity<\/a>\r\n                    <\/h2>\r\n        \r\n                    <div class=\"post_description_content\">  <\/div>\r\n                <a href=\"https:\/\/ftcmedya.com\/en\/portfolio\/skytronx-systems-kurumsal-kimlik\/\" class=\"theme_button\"><span class=\"post_readmore_label\">Review <\/span><span class=\"hover-arrow\"><\/span><\/a>\r\n        \r\n\r\n    <\/div>\r\n<\/div><div data-post-id=\"3220\" class=\"sc_portfolio_item sc_item_container post_container\"\r\n\t\tdata-size=\"1080x1080\"\r\n\tdata-src=\"https:\/\/ftcmedya.com\/wp-content\/uploads\/2024\/02\/z1.jpg\"\r\n\t>\r\n\t<div class=\"post_featured with_thumb hover_link sc_portfolio_item_thumb trx_addons_image_effects_on_waves2\" data-image-effect-strength=\"30\"><img loading=\"lazy\" decoding=\"async\" width=\"890\" height=\"664\" src=\"https:\/\/ftcmedya.com\/wp-content\/uploads\/2024\/02\/z1-890x664.jpg\" class=\"attachment-modernee-thumb-square size-modernee-thumb-square wp-post-image\" alt=\"\" \/>\t\t\t\t\t\t<div class=\"mask\"><\/div>\n\t\t\t\t\t\t\t\t\t<a href=\"https:\/\/ftcmedya.com\/en\/portfolio\/zenkor\/\"  aria-hidden=\"true\" class=\"link\"><\/a>\r\n\t\t\t<\/div>    <div class=\"post_content_wrap\">\r\n        <div class=\"post_meta\"><span class=\"post_meta_item post_categories cat_sep\"><a href=\"https:\/\/ftcmedya.com\/en\/portfolio_group\/genel\/\" title=\"View all posts in Genel\">General<\/a><span class=\"post_meta_item_cat_separator\">, <\/span><a href=\"https:\/\/ftcmedya.com\/en\/portfolio_group\/kurumsal-kimlik\/\" title=\"View all posts in Kurumsal Kimlik\">Corporate Identity<\/a><\/span><\/div>            <h2 class=\"post_title\">\r\n                    <a href=\"https:\/\/ftcmedya.com\/en\/portfolio\/zenkor\/\">Zenkor Corporate Identity<\/a>\r\n                    <\/h2>\r\n        \r\n                    <div class=\"post_description_content\"> Corporate identity work we specially prepared for Zenkor company <\/div>\r\n                <a href=\"https:\/\/ftcmedya.com\/en\/portfolio\/zenkor\/\" class=\"theme_button\"><span class=\"post_readmore_label\">Review <\/span><span class=\"hover-arrow\"><\/span><\/a>\r\n        \r\n\r\n    <\/div>\r\n<\/div><div data-post-id=\"3219\" class=\"sc_portfolio_item sc_item_container post_container\"\r\n\t\tdata-size=\"850x564\"\r\n\tdata-src=\"https:\/\/ftcmedya.com\/wp-content\/uploads\/2024\/02\/Valilik-1-jpg.webp\"\r\n\t>\r\n\t<div class=\"post_featured with_thumb hover_link sc_portfolio_item_thumb trx_addons_image_effects_on_waves2\" data-image-effect-strength=\"30\"><img loading=\"lazy\" decoding=\"async\" width=\"850\" height=\"564\" src=\"https:\/\/ftcmedya.com\/wp-content\/uploads\/2024\/02\/Valilik-1-jpg.webp\" class=\"attachment-modernee-thumb-square size-modernee-thumb-square wp-post-image\" alt=\"\" srcset=\"https:\/\/ftcmedya.com\/wp-content\/uploads\/2024\/02\/Valilik-1-jpg.webp 850w, https:\/\/ftcmedya.com\/wp-content\/uploads\/2024\/02\/Valilik-1-jpg-300x199.webp 300w, https:\/\/ftcmedya.com\/wp-content\/uploads\/2024\/02\/Valilik-1-jpg-768x510.webp 768w, https:\/\/ftcmedya.com\/wp-content\/uploads\/2024\/02\/Valilik-1-jpg-370x246.webp 370w, https:\/\/ftcmedya.com\/wp-content\/uploads\/2024\/02\/Valilik-1-jpg-840x557.webp 840w, https:\/\/ftcmedya.com\/wp-content\/uploads\/2024\/02\/Valilik-1-jpg-410x272.webp 410w\" sizes=\"(max-width: 850px) 100vw, 850px\" \/>\t\t\t\t\t\t<div class=\"mask\"><\/div>\n\t\t\t\t\t\t\t\t\t<a href=\"https:\/\/ftcmedya.com\/en\/portfolio\/gel-konusalim\/\"  aria-hidden=\"true\" class=\"link\"><\/a>\r\n\t\t\t<\/div>    <div class=\"post_content_wrap\">\r\n        <div class=\"post_meta\"><span class=\"post_meta_item post_categories cat_sep\"><a href=\"https:\/\/ftcmedya.com\/en\/portfolio_group\/genel\/\" title=\"View all posts in Genel\">General<\/a><span class=\"post_meta_item_cat_separator\">, <\/span><a href=\"https:\/\/ftcmedya.com\/en\/portfolio_group\/mobil-uygulama\/\" title=\"View all posts in Mobil Uygulama\">Mobile Application<\/a><span class=\"post_meta_item_cat_separator\">, <\/span><a href=\"https:\/\/ftcmedya.com\/en\/portfolio_group\/proje\/\" title=\"View all posts in Proje\">Project<\/a><\/span><\/div>            <h2 class=\"post_title\">\r\n                    <a href=\"https:\/\/ftcmedya.com\/en\/portfolio\/gel-konusalim\/\">Governorship of Edirne - Let's Talk Project<\/a>\r\n                    <\/h2>\r\n        \r\n                    <div class=\"post_description_content\">  <\/div>\r\n                <a href=\"https:\/\/ftcmedya.com\/en\/portfolio\/gel-konusalim\/\" class=\"theme_button\"><span class=\"post_readmore_label\">Review <\/span><span class=\"hover-arrow\"><\/span><\/a>\r\n        \r\n\r\n    <\/div>\r\n<\/div><div data-post-id=\"3218\" class=\"sc_portfolio_item sc_item_container post_container\"\r\n\t\tdata-size=\"1024x576\"\r\n\tdata-src=\"https:\/\/ftcmedya.com\/wp-content\/uploads\/2024\/02\/limak.jpg\"\r\n\t>\r\n\t<div class=\"post_featured with_thumb hover_link sc_portfolio_item_thumb trx_addons_image_effects_on_waves2\" data-image-effect-strength=\"30\"><img loading=\"lazy\" decoding=\"async\" width=\"890\" height=\"576\" src=\"https:\/\/ftcmedya.com\/wp-content\/uploads\/2024\/02\/limak-890x576.jpg\" class=\"attachment-modernee-thumb-square size-modernee-thumb-square wp-post-image\" alt=\"\" \/>\t\t\t\t\t\t<div class=\"mask\"><\/div>\n\t\t\t\t\t\t\t\t\t<a href=\"https:\/\/ftcmedya.com\/en\/portfolio\/limak-holding\/\"  aria-hidden=\"true\" class=\"link\"><\/a>\r\n\t\t\t<\/div>    <div class=\"post_content_wrap\">\r\n        <div class=\"post_meta\"><span class=\"post_meta_item post_categories cat_sep\"><a href=\"https:\/\/ftcmedya.com\/en\/portfolio_group\/genel\/\" title=\"View all posts in Genel\">General<\/a><span class=\"post_meta_item_cat_separator\">, <\/span><a href=\"https:\/\/ftcmedya.com\/en\/portfolio_group\/ofis-tasarim\/\" title=\"View all posts in Ofis Tasar\u0131m\">Office Design<\/a><span class=\"post_meta_item_cat_separator\">, <\/span><a href=\"https:\/\/ftcmedya.com\/en\/portfolio_group\/proje\/\" title=\"View all posts in Proje\">Project<\/a><\/span><\/div>            <h2 class=\"post_title\">\r\n                    <a href=\"https:\/\/ftcmedya.com\/en\/portfolio\/limak-holding\/\">Tuzla Tepe\u00f6ren Project Technical Office and Sales Office<\/a>\r\n                    <\/h2>\r\n        \r\n                    <div class=\"post_description_content\">  <\/div>\r\n                <a href=\"https:\/\/ftcmedya.com\/en\/portfolio\/limak-holding\/\" class=\"theme_button\"><span class=\"post_readmore_label\">Review <\/span><span class=\"hover-arrow\"><\/span><\/a>\r\n        \r\n\r\n    <\/div>\r\n<\/div><div data-post-id=\"3217\" class=\"sc_portfolio_item sc_item_container post_container\"\r\n\t\tdata-size=\"1024x561\"\r\n\tdata-src=\"https:\/\/ftcmedya.com\/wp-content\/uploads\/2024\/02\/cd4196099d8dd742e05389350f5faea0_.jpg\"\r\n\t>\r\n\t<div class=\"post_featured with_thumb hover_link sc_portfolio_item_thumb trx_addons_image_effects_on_waves2\" data-image-effect-strength=\"30\"><img loading=\"lazy\" decoding=\"async\" width=\"890\" height=\"561\" src=\"https:\/\/ftcmedya.com\/wp-content\/uploads\/2024\/02\/cd4196099d8dd742e05389350f5faea0_-890x561.jpg\" class=\"attachment-modernee-thumb-square size-modernee-thumb-square wp-post-image\" alt=\"\" srcset=\"https:\/\/ftcmedya.com\/wp-content\/uploads\/2024\/02\/cd4196099d8dd742e05389350f5faea0_-890x561.jpg 890w, https:\/\/ftcmedya.com\/wp-content\/uploads\/2024\/02\/cd4196099d8dd742e05389350f5faea0_-18x10.jpg 18w\" sizes=\"(max-width: 890px) 100vw, 890px\" \/>\t\t\t\t\t\t<div class=\"mask\"><\/div>\n\t\t\t\t\t\t\t\t\t<a href=\"https:\/\/ftcmedya.com\/en\/portfolio\/dumlupinar-universitesi\/\"  aria-hidden=\"true\" class=\"link\"><\/a>\r\n\t\t\t<\/div>    <div class=\"post_content_wrap\">\r\n        <div class=\"post_meta\"><span class=\"post_meta_item post_categories cat_sep\"><a href=\"https:\/\/ftcmedya.com\/en\/portfolio_group\/genel\/\" title=\"View all posts in Genel\">General<\/a><span class=\"post_meta_item_cat_separator\">, <\/span><a href=\"https:\/\/ftcmedya.com\/en\/portfolio_group\/proje\/\" title=\"View all posts in Proje\">Project<\/a><span class=\"post_meta_item_cat_separator\">, <\/span><a href=\"https:\/\/ftcmedya.com\/en\/portfolio_group\/web-tasarim\/\" title=\"View all posts in Web Tasar\u0131m\">Web Design<\/a><\/span><\/div>            <h2 class=\"post_title\">\r\n                    <a href=\"https:\/\/ftcmedya.com\/en\/portfolio\/dumlupinar-universitesi\/\">Dumlupinar University Web Design<\/a>\r\n                    <\/h2>\r\n        \r\n                    <div class=\"post_description_content\">  <\/div>\r\n                <a href=\"https:\/\/ftcmedya.com\/en\/portfolio\/dumlupinar-universitesi\/\" class=\"theme_button\"><span class=\"post_readmore_label\">Review <\/span><span class=\"hover-arrow\"><\/span><\/a>\r\n        \r\n\r\n    <\/div>\r\n<\/div><\/div><\/div>\t\t\t\t<\/div>\n\t\t\t\t<\/div>\n\t\t\t\t<div class=\"elementor-element elementor-element-ec9bf8f sc_layouts_hide_on_notebook sc_layouts_hide_on_tablet sc_layouts_hide_on_mobile sc_fly_static elementor-widget elementor-widget-spacer\" data-id=\"ec9bf8f\" data-element_type=\"widget\" data-widget_type=\"spacer.default\">\n\t\t\t\t<div class=\"elementor-widget-container\">\n\t\t\t\t\t\t\t<div class=\"elementor-spacer\">\n\t\t\t<div class=\"elementor-spacer-inner\"><\/div>\n\t\t<\/div>\n\t\t\t\t\t\t<\/div>\n\t\t\t\t<\/div>\n\t\t\t\t<div class=\"elementor-element elementor-element-8d47b25 sc_height_huge sc_fly_static elementor-widget elementor-widget-spacer\" data-id=\"8d47b25\" data-element_type=\"widget\" data-widget_type=\"spacer.default\">\n\t\t\t\t<div class=\"elementor-widget-container\">\n\t\t\t\t\t\t\t<div class=\"elementor-spacer\">\n\t\t\t<div class=\"elementor-spacer-inner\"><\/div>\n\t\t<\/div>\n\t\t\t\t\t\t<\/div>\n\t\t\t\t<\/div>\n\t\t\t\t\t<\/div>\n\t\t<\/div>\n\t\t\t\t\t<\/div>\n\t\t<\/section>\n\t\t\t\t<\/div>","protected":false},"excerpt":{"rendered":"<p>Genel, Web Tasar\u0131m Siron Web Tasar\u0131m \u0130ncele Genel, Katalog Yeti\u015f Healths Katalog \u0130ncele Genel, Katalog Yap\u0131 Market Katalog \u0130ncele E-Ticaret, Genel Peynir Dura\u011f\u0131m E-Ticaret \u0130ncele E-Ticaret, Genel Nipa Elektrik E-Ticaret&hellip;<\/p>","protected":false},"author":1,"featured_media":0,"parent":0,"menu_order":0,"comment_status":"closed","ping_status":"closed","template":"","meta":{"footnotes":""},"class_list":["post-20578","page","type-page","status-publish","hentry"],"aioseo_notices":[],"_links":{"self":[{"href":"https:\/\/ftcmedya.com\/en\/wp-json\/wp\/v2\/pages\/20578","targetHints":{"allow":["GET"]}}],"collection":[{"href":"https:\/\/ftcmedya.com\/en\/wp-json\/wp\/v2\/pages"}],"about":[{"href":"https:\/\/ftcmedya.com\/en\/wp-json\/wp\/v2\/types\/page"}],"author":[{"embeddable":true,"href":"https:\/\/ftcmedya.com\/en\/wp-json\/wp\/v2\/users\/1"}],"replies":[{"embeddable":true,"href":"https:\/\/ftcmedya.com\/en\/wp-json\/wp\/v2\/comments?post=20578"}],"version-history":[{"count":0,"href":"https:\/\/ftcmedya.com\/en\/wp-json\/wp\/v2\/pages\/20578\/revisions"}],"wp:attachment":[{"href":"https:\/\/ftcmedya.com\/en\/wp-json\/wp\/v2\/media?parent=20578"}],"curies":[{"name":"wp","href":"https:\/\/api.w.org\/{rel}","templated":true}]}}