{"id":3825,"date":"2020-05-26T15:09:21","date_gmt":"2020-05-26T15:09:21","guid":{"rendered":"https:\/\/ftcmedya.com\/?page_id=3825"},"modified":"2025-02-05T21:18:11","modified_gmt":"2025-02-05T21:18:11","slug":"hakkimizda","status":"publish","type":"page","link":"https:\/\/ftcmedya.com\/de\/hakkimizda\/","title":{"rendered":"\u00dcber uns"},"content":{"rendered":"<div data-elementor-type=\"wp-page\" data-elementor-id=\"3825\" class=\"elementor elementor-3825\">\n\t\t\t\t\t\t<section class=\"elementor-section elementor-top-section elementor-element elementor-element-742782f elementor-section-boxed elementor-section-height-default elementor-section-height-default sc_fly_static\" data-id=\"742782f\" data-element_type=\"section\">\n\t\t\t\t\t\t<div class=\"elementor-container elementor-column-gap-extended\">\n\t\t\t\t\t<div class=\"elementor-column elementor-col-100 elementor-top-column elementor-element elementor-element-40dd3fb sc_content_align_inherit sc_layouts_column_icons_position_left sc_fly_static\" data-id=\"40dd3fb\" data-element_type=\"column\">\n\t\t\t<div class=\"elementor-widget-wrap elementor-element-populated\">\n\t\t\t\t\t\t<div class=\"elementor-element elementor-element-8b1f417 sc_height_huge sc_fly_static elementor-widget elementor-widget-spacer\" data-id=\"8b1f417\" data-element_type=\"widget\" data-widget_type=\"spacer.default\">\n\t\t\t\t<div class=\"elementor-widget-container\">\n\t\t\t\t\t\t\t<div class=\"elementor-spacer\">\n\t\t\t<div class=\"elementor-spacer-inner\"><\/div>\n\t\t<\/div>\n\t\t\t\t\t\t<\/div>\n\t\t\t\t<\/div>\n\t\t\t\t<div class=\"elementor-element elementor-element-f028fe7 sc_layouts_hide_on_notebook sc_layouts_hide_on_tablet sc_layouts_hide_on_mobile sc_fly_static elementor-widget elementor-widget-spacer\" data-id=\"f028fe7\" data-element_type=\"widget\" data-widget_type=\"spacer.default\">\n\t\t\t\t<div class=\"elementor-widget-container\">\n\t\t\t\t\t\t\t<div class=\"elementor-spacer\">\n\t\t\t<div class=\"elementor-spacer-inner\"><\/div>\n\t\t<\/div>\n\t\t\t\t\t\t<\/div>\n\t\t\t\t<\/div>\n\t\t\t\t\t<\/div>\n\t\t<\/div>\n\t\t\t\t\t<\/div>\n\t\t<\/section>\n\t\t\t\t<section class=\"elementor-section elementor-top-section elementor-element elementor-element-88f2ff1 scheme_dark elementor-section-boxed elementor-section-height-default elementor-section-height-default sc_fly_static\" data-id=\"88f2ff1\" data-element_type=\"section\" data-settings=\"{&quot;background_background&quot;:&quot;classic&quot;}\">\n\t\t\t\t\t\t<div class=\"elementor-container elementor-column-gap-extended\">\n\t\t\t\t\t<div class=\"elementor-column elementor-col-100 elementor-top-column elementor-element elementor-element-62f4224 sc_content_align_center sc_layouts_column_icons_position_left sc_fly_static\" data-id=\"62f4224\" data-element_type=\"column\">\n\t\t\t<div class=\"elementor-widget-wrap elementor-element-populated\">\n\t\t\t\t\t\t<div class=\"elementor-element elementor-element-d3fa0c7 sc_layouts_hide_on_notebook sc_layouts_hide_on_tablet sc_layouts_hide_on_mobile sc_fly_static elementor-widget elementor-widget-spacer\" data-id=\"d3fa0c7\" data-element_type=\"widget\" data-widget_type=\"spacer.default\">\n\t\t\t\t<div class=\"elementor-widget-container\">\n\t\t\t\t\t\t\t<div class=\"elementor-spacer\">\n\t\t\t<div class=\"elementor-spacer-inner\"><\/div>\n\t\t<\/div>\n\t\t\t\t\t\t<\/div>\n\t\t\t\t<\/div>\n\t\t\t\t<div class=\"elementor-element elementor-element-f92504f elementor-widget__width-inherit sc_fly_static elementor-widget elementor-widget-trx_sc_title\" data-id=\"f92504f\" data-element_type=\"widget\" data-widget_type=\"trx_sc_title.default\">\n\t\t\t\t<div class=\"elementor-widget-container\">\n\t\t\t\t\t<div\t\tclass=\"sc_title sc_title_default\" ><h1 class=\"sc_item_title sc_title_title sc_align_center sc_item_title_style_default sc_item_title_tag trx_addons_inline_1958472291\"\n\t\t\t><span class=\"sc_item_title_text\">FTC-Medien <span class=\"gradient_animation\">hat seine Position in der Branche als leistungsstarke Medienagentur gest\u00e4rkt, die alle Medienbed\u00fcrfnisse von Marken und Institutionen erf\u00fcllt und dabei mit der sich schnell ver\u00e4ndernden Dynamik der digitalen Welt Schritt h\u00e4lt. Mit dem Ziel, den Markenwert seiner Kunden durch die Bereitstellung von Medienstrategien, digitalem Marketing und kreativen L\u00f6sungen zu steigern, arbeitet FTC Media mit einer starken Vision und einem kundenorientierten Arbeitsprinzip. <\/span><\/span><\/h1><\/div>\t\t\t\t<\/div>\n\t\t\t\t<\/div>\n\t\t\t\t<div class=\"elementor-element elementor-element-ff072ea sc_fly_static elementor-widget elementor-widget-spacer\" data-id=\"ff072ea\" data-element_type=\"widget\" data-widget_type=\"spacer.default\">\n\t\t\t\t<div class=\"elementor-widget-container\">\n\t\t\t\t\t\t\t<div class=\"elementor-spacer\">\n\t\t\t<div class=\"elementor-spacer-inner\"><\/div>\n\t\t<\/div>\n\t\t\t\t\t\t<\/div>\n\t\t\t\t<\/div>\n\t\t\t\t\t<\/div>\n\t\t<\/div>\n\t\t\t\t\t<\/div>\n\t\t<\/section>\n\t\t\t\t<section class=\"elementor-section elementor-top-section elementor-element elementor-element-4a28223 elementor-section-boxed elementor-section-height-default elementor-section-height-default sc_fly_static\" data-id=\"4a28223\" data-element_type=\"section\">\n\t\t\t\t\t\t<div class=\"elementor-container elementor-column-gap-extended\">\n\t\t\t\t\t<div class=\"elementor-column elementor-col-50 elementor-top-column elementor-element elementor-element-e90a75c sc_content_align_inherit sc_layouts_column_icons_position_left sc_fly_static\" data-id=\"e90a75c\" data-element_type=\"column\">\n\t\t\t<div class=\"elementor-widget-wrap elementor-element-populated\">\n\t\t\t\t\t\t<div class=\"elementor-element elementor-element-a94b59d sc_height_huge sc_fly_static elementor-widget elementor-widget-spacer\" data-id=\"a94b59d\" data-element_type=\"widget\" data-widget_type=\"spacer.default\">\n\t\t\t\t<div class=\"elementor-widget-container\">\n\t\t\t\t\t\t\t<div class=\"elementor-spacer\">\n\t\t\t<div class=\"elementor-spacer-inner\"><\/div>\n\t\t<\/div>\n\t\t\t\t\t\t<\/div>\n\t\t\t\t<\/div>\n\t\t\t\t<div class=\"elementor-element elementor-element-c7efcec sc_fly_static elementor-widget elementor-widget-trx_sc_title\" data-id=\"c7efcec\" data-element_type=\"widget\" data-widget_type=\"trx_sc_title.default\">\n\t\t\t\t<div class=\"elementor-widget-container\">\n\t\t\t\t\t<div\t\tclass=\"sc_title sc_title_default\" ><h1 class=\"sc_item_title sc_title_title sc_align_center sc_item_title_style_default sc_item_title_tag\"\n\t\t\t><span class=\"sc_item_title_text\">Warum FTC Media<\/span><\/h1><\/div>\t\t\t\t<\/div>\n\t\t\t\t<\/div>\n\t\t\t\t<div class=\"elementor-element elementor-element-2fe58cc sc_fly_static elementor-widget elementor-widget-image\" data-id=\"2fe58cc\" data-element_type=\"widget\" data-widget_type=\"image.default\">\n\t\t\t\t<div class=\"elementor-widget-container\">\n\t\t\t\t\t\t\t\t\t\t\t\t\t\t\t<img fetchpriority=\"high\" decoding=\"async\" width=\"308\" height=\"464\" src=\"https:\/\/ftcmedya.com\/wp-content\/uploads\/2024\/11\/ftclogotamicon-sari.png\" class=\"attachment-large size-large wp-image-28617\" alt=\"\" srcset=\"https:\/\/ftcmedya.com\/wp-content\/uploads\/2024\/11\/ftclogotamicon-sari.png 308w, https:\/\/ftcmedya.com\/wp-content\/uploads\/2024\/11\/ftclogotamicon-sari-199x300.png 199w\" sizes=\"(max-width: 600px) 100vw, 308px\" \/>\t\t\t\t\t\t\t\t\t\t\t\t\t\t\t<\/div>\n\t\t\t\t<\/div>\n\t\t\t\t\t<\/div>\n\t\t<\/div>\n\t\t\t\t<div class=\"elementor-column elementor-col-50 elementor-top-column elementor-element elementor-element-5c9dfae sc_content_align_inherit sc_layouts_column_icons_position_left sc_fly_static\" data-id=\"5c9dfae\" data-element_type=\"column\">\n\t\t\t<div class=\"elementor-widget-wrap elementor-element-populated\">\n\t\t\t\t\t\t<div class=\"elementor-element elementor-element-5f50d1c sc_height_huge sc_fly_static elementor-widget elementor-widget-spacer\" data-id=\"5f50d1c\" data-element_type=\"widget\" data-widget_type=\"spacer.default\">\n\t\t\t\t<div class=\"elementor-widget-container\">\n\t\t\t\t\t\t\t<div class=\"elementor-spacer\">\n\t\t\t<div class=\"elementor-spacer-inner\"><\/div>\n\t\t<\/div>\n\t\t\t\t\t\t<\/div>\n\t\t\t\t<\/div>\n\t\t\t\t<div class=\"elementor-element elementor-element-6028437 sc_fly_static elementor-widget elementor-widget-text-editor\" data-id=\"6028437\" data-element_type=\"widget\" data-widget_type=\"text-editor.default\">\n\t\t\t\t<div class=\"elementor-widget-container\">\n\t\t\t\t\t\t\t\t\t<p>FTC Medya ist in der Medienbranche t\u00e4tig und verfolgt die neuesten Trends in diesem Bereich und bietet die innovativsten L\u00f6sungen.<\/p><p>Jede Marke hat ihre eigenen, einzigartigen Bed\u00fcrfnisse. Unser Ziel ist es, gemeinsam erfolgreich zu sein, indem wir ma\u00dfgeschneiderte L\u00f6sungen f\u00fcr die spezifischen Bed\u00fcrfnisse unserer Kunden entwickeln.<\/p><p>Jede Marke hat ihre eigenen, einzigartigen Bed\u00fcrfnisse. Unser Ziel ist es, gemeinsam erfolgreich zu sein, indem wir ma\u00dfgeschneiderte L\u00f6sungen f\u00fcr die spezifischen Wir erm\u00f6glichen unseren Marken, mit innovativen Ans\u00e4tzen und kreativen L\u00f6sungen einen Unterschied zu machen. Der Weg, sich in der digitalen Welt abzuheben, ist mit innovativen und effektiven Strategien m\u00f6glich.<\/p><p>Wir pflegen eine offene und intensive Kommunikation mit unseren Kunden und bieten ihnen in jeder Phase einen transparenten Service. Wir geben unseren Kunden in jeder Phase der Kampagnen ein regelm\u00e4\u00dfiges Feedback und bem\u00fchen uns um einen kontinuierlichen Erfolg.<\/p>\t\t\t\t\t\t\t\t<\/div>\n\t\t\t\t<\/div>\n\t\t\t\t\t<\/div>\n\t\t<\/div>\n\t\t\t\t\t<\/div>\n\t\t<\/section>\n\t\t\t\t<section class=\"elementor-section elementor-top-section elementor-element elementor-element-f1feeee elementor-section-boxed elementor-section-height-default elementor-section-height-default sc_fly_static\" data-id=\"f1feeee\" data-element_type=\"section\">\n\t\t\t\t\t\t<div class=\"elementor-container elementor-column-gap-extended\">\n\t\t\t\t\t<div class=\"elementor-column elementor-col-100 elementor-top-column elementor-element elementor-element-e9522d8 sc_content_align_inherit sc_layouts_column_icons_position_left sc_fly_static\" data-id=\"e9522d8\" data-element_type=\"column\">\n\t\t\t<div class=\"elementor-widget-wrap elementor-element-populated\">\n\t\t\t\t\t\t<div class=\"elementor-element elementor-element-97cf9d1 sc_height_medium sc_fly_static elementor-widget elementor-widget-spacer\" data-id=\"97cf9d1\" data-element_type=\"widget\" data-widget_type=\"spacer.default\">\n\t\t\t\t<div class=\"elementor-widget-container\">\n\t\t\t\t\t\t\t<div class=\"elementor-spacer\">\n\t\t\t<div class=\"elementor-spacer-inner\"><\/div>\n\t\t<\/div>\n\t\t\t\t\t\t<\/div>\n\t\t\t\t<\/div>\n\t\t\t\t\t<\/div>\n\t\t<\/div>\n\t\t\t\t\t<\/div>\n\t\t<\/section>\n\t\t\t\t<section class=\"elementor-section elementor-top-section elementor-element elementor-element-923603f elementor-section-content-middle elementor-section-boxed elementor-section-height-default elementor-section-height-default sc_fly_static\" data-id=\"923603f\" data-element_type=\"section\">\n\t\t\t\t\t\t<div class=\"elementor-container elementor-column-gap-extended\">\n\t\t\t\t\t<div class=\"elementor-column elementor-col-16 elementor-top-column elementor-element elementor-element-306030b sc_content_align_inherit sc_layouts_column_icons_position_left sc_fly_static\" data-id=\"306030b\" data-element_type=\"column\">\n\t\t\t<div class=\"elementor-widget-wrap elementor-element-populated\">\n\t\t\t\t\t\t\t<\/div>\n\t\t<\/div>\n\t\t\t\t<div class=\"elementor-column elementor-col-16 elementor-top-column elementor-element elementor-element-75b230e sc_content_align_inherit sc_layouts_column_icons_position_left sc_fly_static\" data-id=\"75b230e\" data-element_type=\"column\">\n\t\t\t<div class=\"elementor-widget-wrap elementor-element-populated\">\n\t\t\t\t\t\t\t<\/div>\n\t\t<\/div>\n\t\t\t\t<div class=\"elementor-column elementor-col-16 elementor-top-column elementor-element elementor-element-2c728d9 sc_content_align_inherit sc_layouts_column_icons_position_left sc_fly_static\" data-id=\"2c728d9\" data-element_type=\"column\">\n\t\t\t<div class=\"elementor-widget-wrap elementor-element-populated\">\n\t\t\t\t\t\t<div class=\"elementor-element elementor-element-7b3a028 sc_fly_static elementor-widget elementor-widget-image\" data-id=\"7b3a028\" data-element_type=\"widget\" data-widget_type=\"image.default\">\n\t\t\t\t<div class=\"elementor-widget-container\">\n\t\t\t\t\t\t\t\t\t\t\t\t\t\t\t<img decoding=\"async\" width=\"1024\" height=\"587\" src=\"https:\/\/ftcmedya.com\/wp-content\/uploads\/2024\/11\/meta-partner.webp\" class=\"attachment-full size-full wp-image-28607\" alt=\"\" srcset=\"https:\/\/ftcmedya.com\/wp-content\/uploads\/2024\/11\/meta-partner.webp 1024w, https:\/\/ftcmedya.com\/wp-content\/uploads\/2024\/11\/meta-partner-300x172.webp 300w, https:\/\/ftcmedya.com\/wp-content\/uploads\/2024\/11\/meta-partner-768x440.webp 768w, https:\/\/ftcmedya.com\/wp-content\/uploads\/2024\/11\/meta-partner-370x212.webp 370w, https:\/\/ftcmedya.com\/wp-content\/uploads\/2024\/11\/meta-partner-840x482.webp 840w, https:\/\/ftcmedya.com\/wp-content\/uploads\/2024\/11\/meta-partner-410x235.webp 410w\" sizes=\"(max-width: 1024px) 100vw, 1024px\" \/>\t\t\t\t\t\t\t\t\t\t\t\t\t\t\t<\/div>\n\t\t\t\t<\/div>\n\t\t\t\t\t<\/div>\n\t\t<\/div>\n\t\t\t\t<div class=\"elementor-column elementor-col-16 elementor-top-column elementor-element elementor-element-39ec718 sc_content_align_inherit sc_layouts_column_icons_position_left sc_fly_static\" data-id=\"39ec718\" data-element_type=\"column\">\n\t\t\t<div class=\"elementor-widget-wrap elementor-element-populated\">\n\t\t\t\t\t\t<div class=\"elementor-element elementor-element-84ff6d8 sc_fly_static elementor-widget elementor-widget-image\" data-id=\"84ff6d8\" data-element_type=\"widget\" data-widget_type=\"image.default\">\n\t\t\t\t<div class=\"elementor-widget-container\">\n\t\t\t\t\t\t\t\t\t\t\t\t\t\t\t<img decoding=\"async\" width=\"509\" height=\"210\" src=\"https:\/\/ftcmedya.com\/wp-content\/uploads\/2024\/11\/google-partner.png\" class=\"attachment-full size-full wp-image-28608\" alt=\"\" srcset=\"https:\/\/ftcmedya.com\/wp-content\/uploads\/2024\/11\/google-partner.png 509w, https:\/\/ftcmedya.com\/wp-content\/uploads\/2024\/11\/google-partner-300x124.png 300w, https:\/\/ftcmedya.com\/wp-content\/uploads\/2024\/11\/google-partner-370x153.png 370w, https:\/\/ftcmedya.com\/wp-content\/uploads\/2024\/11\/google-partner-410x169.png 410w\" sizes=\"(max-width: 600px) 100vw, 509px\" \/>\t\t\t\t\t\t\t\t\t\t\t\t\t\t\t<\/div>\n\t\t\t\t<\/div>\n\t\t\t\t\t<\/div>\n\t\t<\/div>\n\t\t\t\t<div class=\"elementor-column elementor-col-16 elementor-top-column elementor-element elementor-element-fe73d48 sc_content_align_inherit sc_layouts_column_icons_position_left sc_fly_static\" data-id=\"fe73d48\" data-element_type=\"column\">\n\t\t\t<div class=\"elementor-widget-wrap elementor-element-populated\">\n\t\t\t\t\t\t\t<\/div>\n\t\t<\/div>\n\t\t\t\t<div class=\"elementor-column elementor-col-16 elementor-top-column elementor-element elementor-element-2ec44ea sc_content_align_inherit sc_layouts_column_icons_position_left sc_fly_static\" data-id=\"2ec44ea\" data-element_type=\"column\">\n\t\t\t<div class=\"elementor-widget-wrap elementor-element-populated\">\n\t\t\t\t\t\t\t<\/div>\n\t\t<\/div>\n\t\t\t\t\t<\/div>\n\t\t<\/section>\n\t\t\t\t<section class=\"elementor-section elementor-top-section elementor-element elementor-element-eb4353b elementor-section-boxed elementor-section-height-default elementor-section-height-default sc_fly_static\" data-id=\"eb4353b\" data-element_type=\"section\">\n\t\t\t\t\t\t<div class=\"elementor-container elementor-column-gap-extended\">\n\t\t\t\t\t<div class=\"elementor-column elementor-col-100 elementor-top-column elementor-element elementor-element-07db7df sc_content_align_inherit sc_layouts_column_icons_position_left sc_fly_static\" data-id=\"07db7df\" data-element_type=\"column\">\n\t\t\t<div class=\"elementor-widget-wrap elementor-element-populated\">\n\t\t\t\t\t\t<div class=\"elementor-element elementor-element-c1c0765 sc_layouts_hide_on_notebook sc_layouts_hide_on_tablet sc_layouts_hide_on_mobile sc_fly_static elementor-widget elementor-widget-spacer\" data-id=\"c1c0765\" data-element_type=\"widget\" data-widget_type=\"spacer.default\">\n\t\t\t\t<div class=\"elementor-widget-container\">\n\t\t\t\t\t\t\t<div class=\"elementor-spacer\">\n\t\t\t<div class=\"elementor-spacer-inner\"><\/div>\n\t\t<\/div>\n\t\t\t\t\t\t<\/div>\n\t\t\t\t<\/div>\n\t\t\t\t<div class=\"elementor-element elementor-element-f98b5c7 sc_height_huge sc_fly_static elementor-widget elementor-widget-spacer\" data-id=\"f98b5c7\" data-element_type=\"widget\" data-widget_type=\"spacer.default\">\n\t\t\t\t<div class=\"elementor-widget-container\">\n\t\t\t\t\t\t\t<div class=\"elementor-spacer\">\n\t\t\t<div class=\"elementor-spacer-inner\"><\/div>\n\t\t<\/div>\n\t\t\t\t\t\t<\/div>\n\t\t\t\t<\/div>\n\t\t\t\t\t<\/div>\n\t\t<\/div>\n\t\t\t\t\t<\/div>\n\t\t<\/section>\n\t\t\t\t<section class=\"elementor-section elementor-top-section elementor-element elementor-element-428ca32 elementor-section-boxed elementor-section-height-default elementor-section-height-default sc_fly_static\" data-id=\"428ca32\" data-element_type=\"section\">\n\t\t\t\t\t\t<div class=\"elementor-container elementor-column-gap-extended\">\n\t\t\t\t\t<div class=\"elementor-column elementor-col-100 elementor-top-column elementor-element elementor-element-d3b4a03 sc_content_align_inherit sc_layouts_column_icons_position_left sc_fly_static\" data-id=\"d3b4a03\" data-element_type=\"column\">\n\t\t\t<div class=\"elementor-widget-wrap\">\n\t\t\t\t\t\t\t<\/div>\n\t\t<\/div>\n\t\t\t\t\t<\/div>\n\t\t<\/section>\n\t\t\t\t<\/div>","protected":false},"excerpt":{"rendered":"<p>FTC Medya dijital d\u00fcnyan\u0131n h\u0131zla de\u011fi\u015fen dinamiklerine ayak uydurarak, markalar\u0131n ve kurumlar\u0131n medya alan\u0131ndaki t\u00fcm ihtiya\u00e7lar\u0131n\u0131 kar\u015f\u0131layan, g\u00fc\u00e7l\u00fc bir medya ajans\u0131 olarak sekt\u00f6rdeki yerini sa\u011flamla\u015ft\u0131rm\u0131\u015ft\u0131r. Medya stratejileri, dijital pazarlama ve&hellip;<\/p>","protected":false},"author":1,"featured_media":0,"parent":0,"menu_order":0,"comment_status":"closed","ping_status":"closed","template":"","meta":{"footnotes":""},"class_list":["post-3825","page","type-page","status-publish","hentry"],"aioseo_notices":[],"_links":{"self":[{"href":"https:\/\/ftcmedya.com\/de\/wp-json\/wp\/v2\/pages\/3825","targetHints":{"allow":["GET"]}}],"collection":[{"href":"https:\/\/ftcmedya.com\/de\/wp-json\/wp\/v2\/pages"}],"about":[{"href":"https:\/\/ftcmedya.com\/de\/wp-json\/wp\/v2\/types\/page"}],"author":[{"embeddable":true,"href":"https:\/\/ftcmedya.com\/de\/wp-json\/wp\/v2\/users\/1"}],"replies":[{"embeddable":true,"href":"https:\/\/ftcmedya.com\/de\/wp-json\/wp\/v2\/comments?post=3825"}],"version-history":[{"count":2,"href":"https:\/\/ftcmedya.com\/de\/wp-json\/wp\/v2\/pages\/3825\/revisions"}],"predecessor-version":[{"id":29988,"href":"https:\/\/ftcmedya.com\/de\/wp-json\/wp\/v2\/pages\/3825\/revisions\/29988"}],"wp:attachment":[{"href":"https:\/\/ftcmedya.com\/de\/wp-json\/wp\/v2\/media?parent=3825"}],"curies":[{"name":"wp","href":"https:\/\/api.w.org\/{rel}","templated":true}]}}