{"id":29903,"date":"2026-03-26T16:38:39","date_gmt":"2026-03-26T16:38:39","guid":{"rendered":"https:\/\/ftcmedya.com\/?page_id=29903"},"modified":"2026-03-26T16:38:40","modified_gmt":"2026-03-26T16:38:40","slug":"blog-tasarimi","status":"publish","type":"page","link":"https:\/\/ftcmedya.com\/de\/blog-tasarimi\/","title":{"rendered":"BLOG TASARIMI"},"content":{"rendered":"<h1 class=\"wp-block-heading has-text-dark-color has-text-color has-link-color wp-elements-0e2aeaed5899b6c091a55f37a0d1144f\">Dijital Medya Ajans\u0131 Se\u00e7erken Nelere Dikkat Edilmelidir?<\/h1>\n\n\n\n<p class=\"has-text-dark-color has-text-color has-link-color has-medium-font-size wp-elements-2e6c600dac1a0f9acd1748aa772b4413\">G\u00fcn\u00fcm\u00fczde markalar\u0131n dijital d\u00fcnyada g\u00fc\u00e7l\u00fc bir \u015fekilde varl\u0131k g\u00f6stermesi, do\u011fru stratejiyle m\u00fcmk\u00fcnd\u00fcr. \u00d6zellikle rekabetin her ge\u00e7en g\u00fcn artt\u0131\u011f\u0131 online ortamda, profesyonel destek almak isteyen i\u015fletmeler i\u00e7in <strong>dijital medya ajans\u0131<\/strong> se\u00e7imi b\u00fcy\u00fck \u00f6nem ta\u015f\u0131r. Do\u011fru ajans ile \u00e7al\u0131\u015fmak; <strong>marka bilinirli\u011fi<\/strong>, m\u00fc\u015fteri etkile\u015fimi ve sat\u0131\u015f performans\u0131 \u00fczerinde do\u011frudan etkili olabilir.<\/p>\n\n\n\n<p class=\"has-text-dark-color has-text-color has-link-color has-medium-font-size wp-elements-15a3475840d62e2203492d4de4628a6c\">Peki, bir <strong>dijital medya ajans\u0131<\/strong> se\u00e7erken nelere dikkat edilmelidir? Bu yaz\u0131da markan\u0131z i\u00e7in en do\u011fru karar\u0131 verebilmeniz ad\u0131na temel kriterleri ele al\u0131yoruz.<\/p>\n\n\n\n<figure class=\"wp-block-video\"><video height=\"1080\" style=\"aspect-ratio: 1920 \/ 1080;\" width=\"1920\" controls src=\"https:\/\/ftcmedya.com\/wp-content\/uploads\/2024\/03\/Decentralized-new.mp4\"><\/video><\/figure>\n\n\n\n<h2 class=\"wp-block-heading has-text-dark-color has-text-color has-link-color has-x-large-font-size wp-elements-869cf2a3610f7548724bee5c53929b30\">1. Ajans\u0131n Hizmet Kapsam\u0131n\u0131 \u0130nceleyin<\/h2>\n\n\n\n<p class=\"has-text-dark-color has-text-color has-link-color has-medium-font-size wp-elements-2f97764c1222a42a266f50fed238fd6a\">Bir <strong>dijital medya ajans\u0131<\/strong>, yaln\u0131zca sosyal medya payla\u015f\u0131m\u0131 yapan bir yap\u0131 olmamal\u0131d\u0131r. Profesyonel bir ajans; <strong>sosyal medya y\u00f6netimi<\/strong>, <strong>i\u00e7erik \u00fcretimi<\/strong>, grafik tasar\u0131m, reklam y\u00f6netimi, stratejik planlama ve performans analizi gibi bir\u00e7ok hizmeti bir arada sunmal\u0131d\u0131r.<\/p>\n\n\n\n<p class=\"has-text-dark-color has-text-color has-link-color has-medium-font-size wp-elements-186c4e6f1318dd2b92cf3d0b19ce5ec0\">Markan\u0131z\u0131n ihtiya\u00e7lar\u0131 yaln\u0131zca i\u00e7erik payla\u015fmakla s\u0131n\u0131rl\u0131 olmayabilir. Bu nedenle \u00e7al\u0131\u015faca\u011f\u0131n\u0131z ajans\u0131n sundu\u011fu hizmetlerin kapsaml\u0131 olmas\u0131, uzun vadede size zaman ve maliyet avantaj\u0131 sa\u011flar.<\/p>\n\n\n\n<h2 class=\"wp-block-heading has-text-dark-color has-text-color has-link-color wp-elements-768147456565d05e00c3f50b336d22ca\">2. Sosyal Medya Y\u00f6netimi Konusundaki Deneyimine Bak\u0131n<\/h2>\n\n\n\n<p class=\"has-text-dark-color has-text-color has-link-color has-medium-font-size wp-elements-b4bca0d6f697682c06522e72af6afb70\">Ba\u015far\u0131l\u0131 bir <strong><a href=\"https:\/\/www.albertsolino.com\/blog\/sosyal-medya-yonetimi\/\" target=\"_blank\" rel=\"noopener\" title=\"sosyal medya y\u00f6netimi\">sosyal medya y\u00f6netimi<\/a><\/strong>, sadece d\u00fczenli payla\u015f\u0131m yapmak anlam\u0131na gelmez. Hedef kitle analizi, i\u00e7erik dili, g\u00f6rsel b\u00fct\u00fcnl\u00fck, reklam deste\u011fi ve etkile\u015fim y\u00f6netimi gibi unsurlar da bu s\u00fcrecin \u00f6nemli par\u00e7alar\u0131d\u0131r.<\/p>\n\n\n\n<p class=\"has-text-dark-color has-text-color has-link-color has-medium-font-size wp-elements-73700cbfbbbc62d04024413c38ba3616\">Ajans\u0131n daha \u00f6nce \u00e7al\u0131\u015ft\u0131\u011f\u0131 markalar\u0131, haz\u0131rlad\u0131\u011f\u0131 i\u00e7erikleri ve y\u00f6netti\u011fi hesaplar\u0131 incelemek, size \u00f6nemli bir fikir verir. \u00d6zellikle sekt\u00f6r\u00fcn\u00fcze yak\u0131n projelerde deneyimli bir ajans, hedef kitlenizi daha h\u0131zl\u0131 analiz edebilir ve etkili sonu\u00e7lar \u00fcretebilir.<\/p>\n\n\n\n<figure class=\"wp-block-image size-large\"><img fetchpriority=\"high\" decoding=\"async\" width=\"1024\" height=\"1024\" src=\"https:\/\/ftcmedya.com\/wp-content\/uploads\/2026\/03\/image-58-1024x1024.png\" alt=\"\" class=\"wp-image-29906\" srcset=\"https:\/\/ftcmedya.com\/wp-content\/uploads\/2026\/03\/image-58-1024x1024.png 1024w, https:\/\/ftcmedya.com\/wp-content\/uploads\/2026\/03\/image-58-300x300.png 300w, https:\/\/ftcmedya.com\/wp-content\/uploads\/2026\/03\/image-58-150x150.png 150w, https:\/\/ftcmedya.com\/wp-content\/uploads\/2026\/03\/image-58-768x768.png 768w, https:\/\/ftcmedya.com\/wp-content\/uploads\/2026\/03\/image-58-12x12.png 12w, https:\/\/ftcmedya.com\/wp-content\/uploads\/2026\/03\/image-58-370x370.png 370w, https:\/\/ftcmedya.com\/wp-content\/uploads\/2026\/03\/image-58-120x120.png 120w, https:\/\/ftcmedya.com\/wp-content\/uploads\/2026\/03\/image-58-840x840.png 840w, https:\/\/ftcmedya.com\/wp-content\/uploads\/2026\/03\/image-58-410x410.png 410w, https:\/\/ftcmedya.com\/wp-content\/uploads\/2026\/03\/image-58.png 1200w\" sizes=\"(max-width: 1024px) 100vw, 1024px\" \/><\/figure>\n\n\n\n<h2 class=\"wp-block-heading has-text-dark-color has-text-color has-link-color wp-elements-e14b4314d4dcaa4a47be09bfac0a6171\">3. Dijital Pazarlama Stratejisine Hakim Olmas\u0131na Dikkat Edin<\/h2>\n\n\n\n<p class=\"has-text-dark-color has-text-color has-link-color has-medium-font-size wp-elements-640dec724884641d6c1b02799f20026d\">Sadece i\u00e7erik \u00fcretmek yeterli de\u011fildir. \u0130\u00e7eri\u011fin do\u011fru ki\u015filere ula\u015fmas\u0131 i\u00e7in g\u00fc\u00e7l\u00fc bir <strong>dijital pazarlama<\/strong> stratejisi gerekir. Reklam y\u00f6netimi, hedefleme, d\u00f6n\u00fc\u015f\u00fcm optimizasyonu ve veri analizi konular\u0131nda yetkin bir ajans, markan\u0131z\u0131n dijitalde daha verimli b\u00fcy\u00fcmesini sa\u011flar.<\/p>\n\n\n\n<p class=\"has-text-dark-color has-text-color has-link-color has-medium-font-size wp-elements-cab473e1d9f2f93f8548151bcb837cd2\">Profesyonel bir ekip; haz\u0131rlad\u0131\u011f\u0131 kampanyalar\u0131n performans\u0131n\u0131 takip eder, gerekli optimizasyonlar\u0131 yapar ve b\u00fct\u00e7enizi daha etkili kullanman\u0131za yard\u0131mc\u0131 olur. Bu da yat\u0131r\u0131m getirisini art\u0131r\u0131r.<\/p>\n\n\n\n<h2 class=\"wp-block-heading has-text-dark-color has-text-color has-link-color wp-elements-dd7c527dd6bb0d4fc8722a4fb01b0b40\">4. \u0130\u00e7erik \u00dcretimi Kalitesini De\u011ferlendirin<\/h2>\n\n\n\n<p class=\"has-text-dark-color has-text-color has-link-color has-medium-font-size wp-elements-2107469f22c9cc93f935ff82fba7d648\"><strong>\u0130\u00e7erik \u00fcretimi<\/strong>, dijital d\u00fcnyada markalar\u0131n sesi haline gelmi\u015ftir. \u00d6zg\u00fcn, dikkat \u00e7ekici ve marka kimli\u011fine uygun i\u00e7erikler, hedef kitle ile g\u00fc\u00e7l\u00fc bir ba\u011f kurman\u0131n temelidir. Bu y\u00fczden ajans\u0131n metin dili, tasar\u0131m anlay\u0131\u015f\u0131 ve genel i\u00e7erik kalitesi mutlaka incelenmelidir.<\/p>\n\n\n\n<p class=\"has-text-dark-color has-text-color has-link-color has-medium-font-size wp-elements-6127c88e7869eebc76ed8f7e459fb27f\">Kaliteli i\u00e7erikler sayesinde markan\u0131z yaln\u0131zca g\u00f6r\u00fcn\u00fcr olmaz; ayn\u0131 zamanda g\u00fcven veren, profesyonel ve ak\u0131lda kal\u0131c\u0131 bir kimlik kazan\u0131r. Blog yaz\u0131lar\u0131, sosyal medya postlar\u0131, video i\u00e7erikler ve reklam metinleri bu s\u00fcrecin \u00f6nemli par\u00e7alar\u0131d\u0131r.<\/p>\n\n\n\n<figure class=\"wp-block-image size-full\"><img decoding=\"async\" width=\"772\" height=\"370\" src=\"https:\/\/ftcmedya.com\/wp-content\/uploads\/2026\/03\/image-60.png\" alt=\"\" class=\"wp-image-29908\" srcset=\"https:\/\/ftcmedya.com\/wp-content\/uploads\/2026\/03\/image-60.png 772w, https:\/\/ftcmedya.com\/wp-content\/uploads\/2026\/03\/image-60-300x144.png 300w, https:\/\/ftcmedya.com\/wp-content\/uploads\/2026\/03\/image-60-768x368.png 768w, https:\/\/ftcmedya.com\/wp-content\/uploads\/2026\/03\/image-60-18x9.png 18w, https:\/\/ftcmedya.com\/wp-content\/uploads\/2026\/03\/image-60-370x177.png 370w, https:\/\/ftcmedya.com\/wp-content\/uploads\/2026\/03\/image-60-410x197.png 410w\" sizes=\"(max-width: 772px) 100vw, 772px\" \/><\/figure>\n\n\n\n<h2 class=\"wp-block-heading has-text-dark-color has-text-color has-link-color wp-elements-273c5dfee27f71ab52f28595ce9acd63\">5. Raporlama ve Analiz S\u00fcre\u00e7lerini Sorgulay\u0131n<\/h2>\n\n\n\n<p class=\"has-text-dark-color has-text-color has-link-color has-medium-font-size wp-elements-f292abe8b3b1a15746d31f01803bfaa5\">Ba\u015far\u0131l\u0131 bir ajans, yapt\u0131\u011f\u0131 \u00e7al\u0131\u015fmalar\u0131 yaln\u0131zca \u00fcretmekle b\u0131rakmaz; sonu\u00e7lar\u0131n\u0131 da d\u00fczenli olarak analiz eder. Eri\u015fim, etkile\u015fim, t\u0131klama oran\u0131, d\u00f6n\u00fc\u015f\u00fcm ve reklam performans\u0131 gibi veriler \u00fczerinden yap\u0131lan de\u011ferlendirmeler, gelecekteki stratejilerin temelini olu\u015fturur.<\/p>\n\n\n\n<p class=\"has-text-dark-color has-text-color has-link-color has-medium-font-size wp-elements-e75cd2227a1680598c3b90cc06610bba\">Bu nedenle ajans\u0131n size d\u00fczenli raporlama sunup sunmad\u0131\u011f\u0131n\u0131 \u00f6\u011frenmeniz \u00f6nemlidir. \u015eeffaf analiz s\u00fcre\u00e7leri, yap\u0131lan \u00e7al\u0131\u015fman\u0131n etkisini daha net g\u00f6rmenizi sa\u011flar.<\/p>\n\n\n\n<h2 class=\"wp-block-heading has-text-dark-color has-text-color has-link-color wp-elements-48dd423432ee9d2fda2c199847dc04a9\">6. Marka Bilinirli\u011fi Olu\u015fturma Konusundaki Yakla\u015f\u0131m\u0131n\u0131 \u0130nceleyin<\/h2>\n\n\n\n<p class=\"has-text-dark-color has-text-color has-link-color has-medium-font-size wp-elements-9807291cb966aeda24aeb90936d83525\">Her markan\u0131n temel hedeflerinden biri, hedef kitlesi taraf\u0131ndan tan\u0131nmak ve tercih edilmektir. Bu noktada <strong>marka bilinirli\u011fi<\/strong> olu\u015fturmak i\u00e7in yap\u0131lan \u00e7al\u0131\u015fmalar b\u00fcy\u00fck \u00f6nem ta\u015f\u0131r. \u0130yi bir <strong>dijital medya ajans\u0131<\/strong>, markan\u0131z\u0131n kimli\u011fini do\u011fru analiz eder ve sizi rakiplerinizden ay\u0131racak ileti\u015fim dili geli\u015ftirir.<\/p>\n\n\n\n<p class=\"has-text-dark-color has-text-color has-link-color has-medium-font-size wp-elements-75ba05327543447e724420264830a3cd\">Logo, renk dili, i\u00e7erik tonu, kampanya yap\u0131s\u0131 ve genel marka alg\u0131s\u0131; dijital d\u00fcnyadaki ba\u015far\u0131n\u0131z\u0131n temel yap\u0131 ta\u015flar\u0131d\u0131r. Do\u011fru y\u00f6netilen bir s\u00fcre\u00e7, markan\u0131z\u0131 sadece g\u00f6r\u00fcn\u00fcr k\u0131lmaz, ayn\u0131 zamanda g\u00fc\u00e7l\u00fc bir konuma ta\u015f\u0131r.<\/p>\n\n\n\n<figure class=\"wp-block-image size-large\"><img decoding=\"async\" width=\"1024\" height=\"539\" src=\"https:\/\/ftcmedya.com\/wp-content\/uploads\/2026\/03\/image-62-1024x539.png\" alt=\"\" class=\"wp-image-29910\" srcset=\"https:\/\/ftcmedya.com\/wp-content\/uploads\/2026\/03\/image-62-1024x539.png 1024w, https:\/\/ftcmedya.com\/wp-content\/uploads\/2026\/03\/image-62-300x158.png 300w, https:\/\/ftcmedya.com\/wp-content\/uploads\/2026\/03\/image-62-768x404.png 768w, https:\/\/ftcmedya.com\/wp-content\/uploads\/2026\/03\/image-62-1536x809.png 1536w, https:\/\/ftcmedya.com\/wp-content\/uploads\/2026\/03\/image-62-18x9.png 18w, https:\/\/ftcmedya.com\/wp-content\/uploads\/2026\/03\/image-62-370x195.png 370w, https:\/\/ftcmedya.com\/wp-content\/uploads\/2026\/03\/image-62-840x442.png 840w, https:\/\/ftcmedya.com\/wp-content\/uploads\/2026\/03\/image-62-410x216.png 410w, https:\/\/ftcmedya.com\/wp-content\/uploads\/2026\/03\/image-62.png 1920w\" sizes=\"(max-width: 1024px) 100vw, 1024px\" \/><\/figure>\n\n\n\n<p class=\"has-text-align-center has-text-dark-color has-text-color has-link-color has-medium-font-size wp-elements-7ef7635dde8c5f1cd31f1ee6f083cb1a\"><strong><a href=\"https:\/\/ftcmedya.com\/de\/bize-ulasin\/\" target=\"_blank\" rel=\"noopener\" title=\"Kontakt\">Detayl\u0131 Bilgi \u0130\u00e7in \u0130leti\u015fim <\/a><\/strong><\/p>\n\n\n\n<p><\/p>","protected":false},"excerpt":{"rendered":"<p>Dijital Medya Ajans\u0131 Se\u00e7erken Nelere Dikkat Edilmelidir? G\u00fcn\u00fcm\u00fczde markalar\u0131n dijital d\u00fcnyada g\u00fc\u00e7l\u00fc bir \u015fekilde varl\u0131k g\u00f6stermesi, do\u011fru stratejiyle m\u00fcmk\u00fcnd\u00fcr. \u00d6zellikle rekabetin her ge\u00e7en g\u00fcn artt\u0131\u011f\u0131 online ortamda, profesyonel destek almak&hellip;<\/p>","protected":false},"author":2,"featured_media":0,"parent":0,"menu_order":0,"comment_status":"closed","ping_status":"closed","template":"","meta":{"footnotes":""},"class_list":["post-29903","page","type-page","status-publish","hentry"],"aioseo_notices":[],"_links":{"self":[{"href":"https:\/\/ftcmedya.com\/de\/wp-json\/wp\/v2\/pages\/29903","targetHints":{"allow":["GET"]}}],"collection":[{"href":"https:\/\/ftcmedya.com\/de\/wp-json\/wp\/v2\/pages"}],"about":[{"href":"https:\/\/ftcmedya.com\/de\/wp-json\/wp\/v2\/types\/page"}],"author":[{"embeddable":true,"href":"https:\/\/ftcmedya.com\/de\/wp-json\/wp\/v2\/users\/2"}],"replies":[{"embeddable":true,"href":"https:\/\/ftcmedya.com\/de\/wp-json\/wp\/v2\/comments?post=29903"}],"version-history":[{"count":4,"href":"https:\/\/ftcmedya.com\/de\/wp-json\/wp\/v2\/pages\/29903\/revisions"}],"predecessor-version":[{"id":29948,"href":"https:\/\/ftcmedya.com\/de\/wp-json\/wp\/v2\/pages\/29903\/revisions\/29948"}],"wp:attachment":[{"href":"https:\/\/ftcmedya.com\/de\/wp-json\/wp\/v2\/media?parent=29903"}],"curies":[{"name":"wp","href":"https:\/\/api.w.org\/{rel}","templated":true}]}}